{"id":105,"date":"2021-01-28T12:11:10","date_gmt":"2021-01-28T11:11:10","guid":{"rendered":"http:\/\/oggraphic.fr\/?page_id=105"},"modified":"2021-02-04T10:16:16","modified_gmt":"2021-02-04T09:16:16","slug":"plaquettes-flyers","status":"publish","type":"page","link":"https:\/\/oggraphic.fr\/index.php\/plaquettes-flyers\/","title":{"rendered":"Plaquettes flyers"},"content":{"rendered":"\t\t<div data-elementor-type=\"wp-page\" data-elementor-id=\"105\" class=\"elementor elementor-105\">\n\t\t\t\t\t\t<section class=\"elementor-section elementor-top-section elementor-element elementor-element-6126422 elementor-section-boxed elementor-section-height-default elementor-section-height-default\" data-id=\"6126422\" data-element_type=\"section\" data-e-type=\"section\">\n\t\t\t\t\t\t<div class=\"elementor-container elementor-column-gap-default\">\n\t\t\t\t\t<div class=\"elementor-column elementor-col-33 elementor-top-column elementor-element elementor-element-91a289a\" data-id=\"91a289a\" data-element_type=\"column\" data-e-type=\"column\">\n\t\t\t<div class=\"elementor-widget-wrap elementor-element-populated\">\n\t\t\t\t\t\t<div class=\"elementor-element elementor-element-49caebf elementor-align-center elementor-widget elementor-widget-button\" data-id=\"49caebf\" data-element_type=\"widget\" data-e-type=\"widget\" data-widget_type=\"button.default\">\n\t\t\t\t\t\t\t\t\t\t<a class=\"elementor-button elementor-button-link elementor-size-sm\" href=\"http:\/\/oggraphic.fr\/index.php\/papeteries\/\">\n\t\t\t\t\t\t<span class=\"elementor-button-content-wrapper\">\n\t\t\t\t\t\t<span class=\"elementor-button-icon\">\n\t\t\t\t<svg aria-hidden=\"true\" class=\"e-font-icon-svg e-far-arrow-alt-circle-left\" viewBox=\"0 0 512 512\" xmlns=\"http:\/\/www.w3.org\/2000\/svg\"><path d=\"M8 256c0 137 111 248 248 248s248-111 248-248S393 8 256 8 8 119 8 256zm448 0c0 110.5-89.5 200-200 200S56 366.5 56 256 145.5 56 256 56s200 89.5 200 200zm-72-20v40c0 6.6-5.4 12-12 12H256v67c0 10.7-12.9 16-20.5 8.5l-99-99c-4.7-4.7-4.7-12.3 0-17l99-99c7.6-7.6 20.5-2.2 20.5 8.5v67h116c6.6 0 12 5.4 12 12z\"><\/path><\/svg>\t\t\t<\/span>\n\t\t\t\t\t\t\t\t\t<span class=\"elementor-button-text\">Pr\u00e9c\u00e9dent<\/span>\n\t\t\t\t\t<\/span>\n\t\t\t\t\t<\/a>\n\t\t\t\t\t\t\t\t<\/div>\n\t\t\t\t\t<\/div>\n\t\t<\/div>\n\t\t\t\t<div class=\"elementor-column elementor-col-33 elementor-top-column elementor-element elementor-element-712c350\" data-id=\"712c350\" data-element_type=\"column\" data-e-type=\"column\">\n\t\t\t<div class=\"elementor-widget-wrap elementor-element-populated\">\n\t\t\t\t\t\t<div class=\"elementor-element elementor-element-c9b8538 elementor-widget elementor-widget-heading\" data-id=\"c9b8538\" data-element_type=\"widget\" data-e-type=\"widget\" data-widget_type=\"heading.default\">\n\t\t\t\t\t<h2 class=\"elementor-heading-title elementor-size-default\">Plaquettes - D\u00e9pliants - flyers<\/h2>\t\t\t\t<\/div>\n\t\t\t\t\t<\/div>\n\t\t<\/div>\n\t\t\t\t<div class=\"elementor-column elementor-col-33 elementor-top-column elementor-element elementor-element-c6948c4\" data-id=\"c6948c4\" data-element_type=\"column\" data-e-type=\"column\">\n\t\t\t<div class=\"elementor-widget-wrap elementor-element-populated\">\n\t\t\t\t\t\t<div class=\"elementor-element elementor-element-4274b3c elementor-align-center elementor-widget elementor-widget-button\" data-id=\"4274b3c\" data-element_type=\"widget\" data-e-type=\"widget\" data-widget_type=\"button.default\">\n\t\t\t\t\t\t\t\t\t\t<a class=\"elementor-button elementor-button-link elementor-size-sm\" href=\"http:\/\/oggraphic.fr\/index.php\/brochures-catalogues\/\">\n\t\t\t\t\t\t<span class=\"elementor-button-content-wrapper\">\n\t\t\t\t\t\t<span class=\"elementor-button-icon\">\n\t\t\t\t<svg aria-hidden=\"true\" class=\"e-font-icon-svg e-far-arrow-alt-circle-right\" viewBox=\"0 0 512 512\" xmlns=\"http:\/\/www.w3.org\/2000\/svg\"><path d=\"M504 256C504 119 393 8 256 8S8 119 8 256s111 248 248 248 248-111 248-248zm-448 0c0-110.5 89.5-200 200-200s200 89.5 200 200-89.5 200-200 200S56 366.5 56 256zm72 20v-40c0-6.6 5.4-12 12-12h116v-67c0-10.7 12.9-16 20.5-8.5l99 99c4.7 4.7 4.7 12.3 0 17l-99 99c-7.6 7.6-20.5 2.2-20.5-8.5v-67H140c-6.6 0-12-5.4-12-12z\"><\/path><\/svg>\t\t\t<\/span>\n\t\t\t\t\t\t\t\t\t<span class=\"elementor-button-text\">Suivant<\/span>\n\t\t\t\t\t<\/span>\n\t\t\t\t\t<\/a>\n\t\t\t\t\t\t\t\t<\/div>\n\t\t\t\t\t<\/div>\n\t\t<\/div>\n\t\t\t\t\t<\/div>\n\t\t<\/section>\n\t\t\t\t<section class=\"elementor-section elementor-top-section elementor-element elementor-element-5989d12 elementor-section-boxed elementor-section-height-default elementor-section-height-default\" data-id=\"5989d12\" data-element_type=\"section\" data-e-type=\"section\">\n\t\t\t\t\t\t<div class=\"elementor-container elementor-column-gap-default\">\n\t\t\t\t\t<div class=\"elementor-column elementor-col-33 elementor-top-column elementor-element elementor-element-9c451c1\" data-id=\"9c451c1\" data-element_type=\"column\" data-e-type=\"column\">\n\t\t\t<div class=\"elementor-widget-wrap elementor-element-populated\">\n\t\t\t\t\t\t<div class=\"elementor-element elementor-element-2c3a469 elementor-widget elementor-widget-image\" data-id=\"2c3a469\" data-element_type=\"widget\" data-e-type=\"widget\" data-widget_type=\"image.default\">\n\t\t\t\t\t\t\t\t\t\t\t\t\t\t\t\t<a href=\"http:\/\/oggraphic.fr\/wp-content\/uploads\/2021\/01\/Depliant-aquilon.jpg\" data-elementor-open-lightbox=\"yes\" data-elementor-lightbox-title=\"Depliant-aquilon\" data-e-action-hash=\"#elementor-action%3Aaction%3Dlightbox%26settings%3DeyJpZCI6MjY2LCJ1cmwiOiJodHRwczpcL1wvb2dncmFwaGljLmZyXC93cC1jb250ZW50XC91cGxvYWRzXC8yMDIxXC8wMVwvRGVwbGlhbnQtYXF1aWxvbi5qcGcifQ%3D%3D\">\n\t\t\t\t\t\t\t<img fetchpriority=\"high\" decoding=\"async\" width=\"688\" height=\"425\" src=\"https:\/\/oggraphic.fr\/wp-content\/uploads\/2021\/01\/Depliant-aquilon.jpg\" class=\"elementor-animation-grow attachment-large size-large wp-image-266\" alt=\"Aquilon plaquette\" srcset=\"https:\/\/oggraphic.fr\/wp-content\/uploads\/2021\/01\/Depliant-aquilon.jpg 688w, https:\/\/oggraphic.fr\/wp-content\/uploads\/2021\/01\/Depliant-aquilon-600x371.jpg 600w, https:\/\/oggraphic.fr\/wp-content\/uploads\/2021\/01\/Depliant-aquilon-300x185.jpg 300w\" sizes=\"(max-width: 688px) 100vw, 688px\" \/>\t\t\t\t\t\t\t\t<\/a>\n\t\t\t\t\t\t\t\t\t\t\t\t\t\t\t<\/div>\n\t\t\t\t\t<\/div>\n\t\t<\/div>\n\t\t\t\t<div class=\"elementor-column elementor-col-33 elementor-top-column elementor-element elementor-element-bb320cf\" data-id=\"bb320cf\" data-element_type=\"column\" data-e-type=\"column\">\n\t\t\t<div class=\"elementor-widget-wrap elementor-element-populated\">\n\t\t\t\t\t\t<div class=\"elementor-element elementor-element-c853e9f elementor-widget elementor-widget-image\" data-id=\"c853e9f\" data-element_type=\"widget\" data-e-type=\"widget\" data-widget_type=\"image.default\">\n\t\t\t\t\t\t\t\t\t\t\t\t\t\t\t\t<a href=\"http:\/\/oggraphic.fr\/wp-content\/uploads\/2021\/01\/Aff-CD.jpg\" data-elementor-open-lightbox=\"yes\" data-e-action-hash=\"#elementor-action%3Aaction%3Dlightbox%26settings%3DeyJpZCI6MzE1LCJ1cmwiOmZhbHNlfQ%3D%3D\">\n\t\t\t\t\t\t\t<img decoding=\"async\" src=\"http:\/\/oggraphic.fr\/wp-content\/uploads\/2021\/01\/Aff-CD.jpg\" title=\"\" alt=\"\" class=\"elementor-animation-grow\" loading=\"lazy\" \/>\t\t\t\t\t\t\t\t<\/a>\n\t\t\t\t\t\t\t\t\t\t\t\t\t\t\t<\/div>\n\t\t\t\t\t<\/div>\n\t\t<\/div>\n\t\t\t\t<div class=\"elementor-column elementor-col-33 elementor-top-column elementor-element elementor-element-dadd59f\" data-id=\"dadd59f\" data-element_type=\"column\" data-e-type=\"column\">\n\t\t\t<div class=\"elementor-widget-wrap elementor-element-populated\">\n\t\t\t\t\t\t<div class=\"elementor-element elementor-element-ddb7a33 elementor-widget elementor-widget-image\" data-id=\"ddb7a33\" data-element_type=\"widget\" data-e-type=\"widget\" data-widget_type=\"image.default\">\n\t\t\t\t\t\t\t\t\t\t\t\t\t\t\t\t<a href=\"http:\/\/oggraphic.fr\/wp-content\/uploads\/2021\/01\/Depliant-Pergoceane.jpg\" data-elementor-open-lightbox=\"yes\" data-elementor-lightbox-title=\"Depliant-Pergoceane\" data-e-action-hash=\"#elementor-action%3Aaction%3Dlightbox%26settings%3DeyJpZCI6MjY5LCJ1cmwiOiJodHRwczpcL1wvb2dncmFwaGljLmZyXC93cC1jb250ZW50XC91cGxvYWRzXC8yMDIxXC8wMVwvRGVwbGlhbnQtUGVyZ29jZWFuZS5qcGcifQ%3D%3D\">\n\t\t\t\t\t\t\t<img decoding=\"async\" width=\"688\" height=\"425\" src=\"https:\/\/oggraphic.fr\/wp-content\/uploads\/2021\/01\/Depliant-Pergoceane.jpg\" class=\"elementor-animation-grow attachment-large size-large wp-image-269\" alt=\"Pergoceane plaquette\" srcset=\"https:\/\/oggraphic.fr\/wp-content\/uploads\/2021\/01\/Depliant-Pergoceane.jpg 688w, https:\/\/oggraphic.fr\/wp-content\/uploads\/2021\/01\/Depliant-Pergoceane-600x371.jpg 600w, https:\/\/oggraphic.fr\/wp-content\/uploads\/2021\/01\/Depliant-Pergoceane-300x185.jpg 300w\" sizes=\"(max-width: 688px) 100vw, 688px\" \/>\t\t\t\t\t\t\t\t<\/a>\n\t\t\t\t\t\t\t\t\t\t\t\t\t\t\t<\/div>\n\t\t\t\t\t<\/div>\n\t\t<\/div>\n\t\t\t\t\t<\/div>\n\t\t<\/section>\n\t\t\t\t<section class=\"elementor-section elementor-top-section elementor-element elementor-element-075daa2 elementor-section-boxed elementor-section-height-default elementor-section-height-default\" data-id=\"075daa2\" data-element_type=\"section\" data-e-type=\"section\">\n\t\t\t\t\t\t<div class=\"elementor-container elementor-column-gap-default\">\n\t\t\t\t\t<div class=\"elementor-column elementor-col-33 elementor-top-column elementor-element elementor-element-b2db20d\" data-id=\"b2db20d\" data-element_type=\"column\" data-e-type=\"column\">\n\t\t\t<div class=\"elementor-widget-wrap elementor-element-populated\">\n\t\t\t\t\t\t<div class=\"elementor-element elementor-element-0c2d558 elementor-widget elementor-widget-image\" data-id=\"0c2d558\" data-element_type=\"widget\" data-e-type=\"widget\" data-widget_type=\"image.default\">\n\t\t\t\t\t\t\t\t\t\t\t\t\t\t\t\t<a href=\"http:\/\/oggraphic.fr\/wp-content\/uploads\/2021\/01\/Depliant-Pouldroit.jpg\" data-elementor-open-lightbox=\"yes\" data-elementor-lightbox-title=\"Depliant-Pouldroit\" data-e-action-hash=\"#elementor-action%3Aaction%3Dlightbox%26settings%3DeyJpZCI6MjcwLCJ1cmwiOiJodHRwczpcL1wvb2dncmFwaGljLmZyXC93cC1jb250ZW50XC91cGxvYWRzXC8yMDIxXC8wMVwvRGVwbGlhbnQtUG91bGRyb2l0LmpwZyJ9\">\n\t\t\t\t\t\t\t<img decoding=\"async\" width=\"688\" height=\"425\" src=\"https:\/\/oggraphic.fr\/wp-content\/uploads\/2021\/01\/Depliant-Pouldroit.jpg\" class=\"elementor-animation-grow attachment-large size-large wp-image-270\" alt=\"Le pouldroit plaquette\" srcset=\"https:\/\/oggraphic.fr\/wp-content\/uploads\/2021\/01\/Depliant-Pouldroit.jpg 688w, https:\/\/oggraphic.fr\/wp-content\/uploads\/2021\/01\/Depliant-Pouldroit-600x371.jpg 600w, https:\/\/oggraphic.fr\/wp-content\/uploads\/2021\/01\/Depliant-Pouldroit-300x185.jpg 300w\" sizes=\"(max-width: 688px) 100vw, 688px\" \/>\t\t\t\t\t\t\t\t<\/a>\n\t\t\t\t\t\t\t\t\t\t\t\t\t\t\t<\/div>\n\t\t\t\t\t<\/div>\n\t\t<\/div>\n\t\t\t\t<div class=\"elementor-column elementor-col-33 elementor-top-column elementor-element elementor-element-a15f1c2\" data-id=\"a15f1c2\" data-element_type=\"column\" data-e-type=\"column\">\n\t\t\t<div class=\"elementor-widget-wrap elementor-element-populated\">\n\t\t\t\t\t\t<div class=\"elementor-element elementor-element-611b180 elementor-widget elementor-widget-image\" data-id=\"611b180\" data-element_type=\"widget\" data-e-type=\"widget\" data-widget_type=\"image.default\">\n\t\t\t\t\t\t\t\t\t\t\t\t\t\t\t\t<a href=\"http:\/\/oggraphic.fr\/wp-content\/uploads\/2021\/01\/Depliant-espace.jpg\" data-elementor-open-lightbox=\"yes\" data-elementor-lightbox-title=\"Depliant-espace\" data-e-action-hash=\"#elementor-action%3Aaction%3Dlightbox%26settings%3DeyJpZCI6MjY4LCJ1cmwiOiJodHRwczpcL1wvb2dncmFwaGljLmZyXC93cC1jb250ZW50XC91cGxvYWRzXC8yMDIxXC8wMVwvRGVwbGlhbnQtZXNwYWNlLmpwZyJ9\">\n\t\t\t\t\t\t\t<img loading=\"lazy\" decoding=\"async\" width=\"688\" height=\"425\" src=\"https:\/\/oggraphic.fr\/wp-content\/uploads\/2021\/01\/Depliant-espace.jpg\" class=\"elementor-animation-grow attachment-large size-large wp-image-268\" alt=\"Espace PLaquette\" srcset=\"https:\/\/oggraphic.fr\/wp-content\/uploads\/2021\/01\/Depliant-espace.jpg 688w, https:\/\/oggraphic.fr\/wp-content\/uploads\/2021\/01\/Depliant-espace-600x371.jpg 600w, https:\/\/oggraphic.fr\/wp-content\/uploads\/2021\/01\/Depliant-espace-300x185.jpg 300w\" sizes=\"(max-width: 688px) 100vw, 688px\" \/>\t\t\t\t\t\t\t\t<\/a>\n\t\t\t\t\t\t\t\t\t\t\t\t\t\t\t<\/div>\n\t\t\t\t\t<\/div>\n\t\t<\/div>\n\t\t\t\t<div class=\"elementor-column elementor-col-33 elementor-top-column elementor-element elementor-element-6e6e1af\" data-id=\"6e6e1af\" data-element_type=\"column\" data-e-type=\"column\">\n\t\t\t<div class=\"elementor-widget-wrap elementor-element-populated\">\n\t\t\t\t\t\t<div class=\"elementor-element elementor-element-5596ca7 elementor-widget elementor-widget-image\" data-id=\"5596ca7\" data-element_type=\"widget\" data-e-type=\"widget\" data-widget_type=\"image.default\">\n\t\t\t\t\t\t\t\t\t\t\t\t\t\t\t\t<a href=\"http:\/\/oggraphic.fr\/wp-content\/uploads\/2021\/01\/Depliant-Atem.jpg\" data-elementor-open-lightbox=\"yes\" data-elementor-lightbox-title=\"Depliant-Atem\" data-e-action-hash=\"#elementor-action%3Aaction%3Dlightbox%26settings%3DeyJpZCI6MjY3LCJ1cmwiOiJodHRwczpcL1wvb2dncmFwaGljLmZyXC93cC1jb250ZW50XC91cGxvYWRzXC8yMDIxXC8wMVwvRGVwbGlhbnQtQXRlbS5qcGcifQ%3D%3D\">\n\t\t\t\t\t\t\t<img loading=\"lazy\" decoding=\"async\" width=\"688\" height=\"425\" src=\"https:\/\/oggraphic.fr\/wp-content\/uploads\/2021\/01\/Depliant-Atem.jpg\" class=\"elementor-animation-grow attachment-large size-large wp-image-267\" alt=\"Atem plaquette\" srcset=\"https:\/\/oggraphic.fr\/wp-content\/uploads\/2021\/01\/Depliant-Atem.jpg 688w, https:\/\/oggraphic.fr\/wp-content\/uploads\/2021\/01\/Depliant-Atem-600x371.jpg 600w, https:\/\/oggraphic.fr\/wp-content\/uploads\/2021\/01\/Depliant-Atem-300x185.jpg 300w\" sizes=\"(max-width: 688px) 100vw, 688px\" \/>\t\t\t\t\t\t\t\t<\/a>\n\t\t\t\t\t\t\t\t\t\t\t\t\t\t\t<\/div>\n\t\t\t\t\t<\/div>\n\t\t<\/div>\n\t\t\t\t\t<\/div>\n\t\t<\/section>\n\t\t\t\t<\/div>\n\t\t","protected":false},"excerpt":{"rendered":"<p>Pr\u00e9c\u00e9dent Plaquettes &#8211; D\u00e9pliants &#8211; flyers Suivant<\/p>\n","protected":false},"author":1,"featured_media":0,"parent":0,"menu_order":0,"comment_status":"closed","ping_status":"closed","template":"elementor_header_footer","meta":{"footnotes":""},"class_list":["post-105","page","type-page","status-publish","hentry"],"yoast_head":"<!-- This site is optimized with the Yoast SEO plugin v27.3 - https:\/\/yoast.com\/product\/yoast-seo-wordpress\/ -->\n<title>Plaquettes flyers - GRAPHISTE A GUERANDE | SAINT-NAZAIRE | NANTES<\/title>\n<meta name=\"robots\" content=\"index, follow, max-snippet:-1, max-image-preview:large, max-video-preview:-1\" \/>\n<link rel=\"canonical\" href=\"https:\/\/oggraphic.fr\/index.php\/plaquettes-flyers\/\" \/>\n<meta property=\"og:locale\" content=\"fr_FR\" \/>\n<meta property=\"og:type\" content=\"article\" \/>\n<meta property=\"og:title\" content=\"Plaquettes flyers - GRAPHISTE A GUERANDE | SAINT-NAZAIRE | NANTES\" \/>\n<meta property=\"og:description\" content=\"Pr\u00e9c\u00e9dent Plaquettes &#8211; D\u00e9pliants &#8211; flyers Suivant\" \/>\n<meta property=\"og:url\" content=\"https:\/\/oggraphic.fr\/index.php\/plaquettes-flyers\/\" \/>\n<meta property=\"og:site_name\" content=\"GRAPHISTE A GUERANDE | SAINT-NAZAIRE | NANTES\" \/>\n<meta property=\"article:publisher\" content=\"https:\/\/www.facebook.com\/Guillouzouic-Olivier-Agostino-358990130950182\/\" \/>\n<meta property=\"article:modified_time\" content=\"2021-02-04T09:16:16+00:00\" \/>\n<meta property=\"og:image\" content=\"http:\/\/oggraphic.fr\/wp-content\/uploads\/2021\/01\/Depliant-aquilon.jpg\" \/>\n<meta name=\"twitter:card\" content=\"summary_large_image\" \/>\n<script type=\"application\/ld+json\" class=\"yoast-schema-graph\">{\"@context\":\"https:\\\/\\\/schema.org\",\"@graph\":[{\"@type\":\"WebPage\",\"@id\":\"https:\\\/\\\/oggraphic.fr\\\/index.php\\\/plaquettes-flyers\\\/\",\"url\":\"https:\\\/\\\/oggraphic.fr\\\/index.php\\\/plaquettes-flyers\\\/\",\"name\":\"Plaquettes flyers - GRAPHISTE A GUERANDE | SAINT-NAZAIRE | NANTES\",\"isPartOf\":{\"@id\":\"https:\\\/\\\/oggraphic.fr\\\/#website\"},\"primaryImageOfPage\":{\"@id\":\"https:\\\/\\\/oggraphic.fr\\\/index.php\\\/plaquettes-flyers\\\/#primaryimage\"},\"image\":{\"@id\":\"https:\\\/\\\/oggraphic.fr\\\/index.php\\\/plaquettes-flyers\\\/#primaryimage\"},\"thumbnailUrl\":\"http:\\\/\\\/oggraphic.fr\\\/wp-content\\\/uploads\\\/2021\\\/01\\\/Depliant-aquilon.jpg\",\"datePublished\":\"2021-01-28T11:11:10+00:00\",\"dateModified\":\"2021-02-04T09:16:16+00:00\",\"breadcrumb\":{\"@id\":\"https:\\\/\\\/oggraphic.fr\\\/index.php\\\/plaquettes-flyers\\\/#breadcrumb\"},\"inLanguage\":\"fr-FR\",\"potentialAction\":[{\"@type\":\"ReadAction\",\"target\":[\"https:\\\/\\\/oggraphic.fr\\\/index.php\\\/plaquettes-flyers\\\/\"]}]},{\"@type\":\"ImageObject\",\"inLanguage\":\"fr-FR\",\"@id\":\"https:\\\/\\\/oggraphic.fr\\\/index.php\\\/plaquettes-flyers\\\/#primaryimage\",\"url\":\"https:\\\/\\\/oggraphic.fr\\\/wp-content\\\/uploads\\\/2021\\\/01\\\/Depliant-aquilon.jpg\",\"contentUrl\":\"https:\\\/\\\/oggraphic.fr\\\/wp-content\\\/uploads\\\/2021\\\/01\\\/Depliant-aquilon.jpg\",\"width\":688,\"height\":425,\"caption\":\"H\u00f4tel Aquilon D\u00e9pliant\"},{\"@type\":\"BreadcrumbList\",\"@id\":\"https:\\\/\\\/oggraphic.fr\\\/index.php\\\/plaquettes-flyers\\\/#breadcrumb\",\"itemListElement\":[{\"@type\":\"ListItem\",\"position\":1,\"name\":\"Accueil\",\"item\":\"https:\\\/\\\/oggraphic.fr\\\/\"},{\"@type\":\"ListItem\",\"position\":2,\"name\":\"Plaquettes flyers\"}]},{\"@type\":\"WebSite\",\"@id\":\"https:\\\/\\\/oggraphic.fr\\\/#website\",\"url\":\"https:\\\/\\\/oggraphic.fr\\\/\",\"name\":\"GRAPHISTE A GUERANDE | SAINT-NAZAIRE | NANTES\",\"description\":\"Creation print | suivi impression\",\"publisher\":{\"@id\":\"https:\\\/\\\/oggraphic.fr\\\/#organization\"},\"potentialAction\":[{\"@type\":\"SearchAction\",\"target\":{\"@type\":\"EntryPoint\",\"urlTemplate\":\"https:\\\/\\\/oggraphic.fr\\\/?s={search_term_string}\"},\"query-input\":{\"@type\":\"PropertyValueSpecification\",\"valueRequired\":true,\"valueName\":\"search_term_string\"}}],\"inLanguage\":\"fr-FR\"},{\"@type\":\"Organization\",\"@id\":\"https:\\\/\\\/oggraphic.fr\\\/#organization\",\"name\":\"Guillouzouic Olivier\",\"url\":\"https:\\\/\\\/oggraphic.fr\\\/\",\"logo\":{\"@type\":\"ImageObject\",\"inLanguage\":\"fr-FR\",\"@id\":\"https:\\\/\\\/oggraphic.fr\\\/#\\\/schema\\\/logo\\\/image\\\/\",\"url\":\"https:\\\/\\\/oggraphic.fr\\\/wp-content\\\/uploads\\\/2021\\\/01\\\/logo-oggraphic-e1612175361777.png\",\"contentUrl\":\"https:\\\/\\\/oggraphic.fr\\\/wp-content\\\/uploads\\\/2021\\\/01\\\/logo-oggraphic-e1612175361777.png\",\"width\":150,\"height\":172,\"caption\":\"Guillouzouic Olivier\"},\"image\":{\"@id\":\"https:\\\/\\\/oggraphic.fr\\\/#\\\/schema\\\/logo\\\/image\\\/\"},\"sameAs\":[\"https:\\\/\\\/www.facebook.com\\\/Guillouzouic-Olivier-Agostino-358990130950182\\\/\",\"https:\\\/\\\/www.linkedin.com\\\/in\\\/olivier-guillouzouic-19452a19\\\/?originalSubdomain=fr\"]}]}<\/script>\n<!-- \/ Yoast SEO plugin. -->","yoast_head_json":{"title":"Plaquettes flyers - GRAPHISTE A GUERANDE | SAINT-NAZAIRE | NANTES","robots":{"index":"index","follow":"follow","max-snippet":"max-snippet:-1","max-image-preview":"max-image-preview:large","max-video-preview":"max-video-preview:-1"},"canonical":"https:\/\/oggraphic.fr\/index.php\/plaquettes-flyers\/","og_locale":"fr_FR","og_type":"article","og_title":"Plaquettes flyers - GRAPHISTE A GUERANDE | SAINT-NAZAIRE | NANTES","og_description":"Pr\u00e9c\u00e9dent Plaquettes &#8211; D\u00e9pliants &#8211; flyers Suivant","og_url":"https:\/\/oggraphic.fr\/index.php\/plaquettes-flyers\/","og_site_name":"GRAPHISTE A GUERANDE | SAINT-NAZAIRE | NANTES","article_publisher":"https:\/\/www.facebook.com\/Guillouzouic-Olivier-Agostino-358990130950182\/","article_modified_time":"2021-02-04T09:16:16+00:00","og_image":[{"url":"http:\/\/oggraphic.fr\/wp-content\/uploads\/2021\/01\/Depliant-aquilon.jpg","type":"","width":"","height":""}],"twitter_card":"summary_large_image","schema":{"@context":"https:\/\/schema.org","@graph":[{"@type":"WebPage","@id":"https:\/\/oggraphic.fr\/index.php\/plaquettes-flyers\/","url":"https:\/\/oggraphic.fr\/index.php\/plaquettes-flyers\/","name":"Plaquettes flyers - GRAPHISTE A GUERANDE | SAINT-NAZAIRE | NANTES","isPartOf":{"@id":"https:\/\/oggraphic.fr\/#website"},"primaryImageOfPage":{"@id":"https:\/\/oggraphic.fr\/index.php\/plaquettes-flyers\/#primaryimage"},"image":{"@id":"https:\/\/oggraphic.fr\/index.php\/plaquettes-flyers\/#primaryimage"},"thumbnailUrl":"http:\/\/oggraphic.fr\/wp-content\/uploads\/2021\/01\/Depliant-aquilon.jpg","datePublished":"2021-01-28T11:11:10+00:00","dateModified":"2021-02-04T09:16:16+00:00","breadcrumb":{"@id":"https:\/\/oggraphic.fr\/index.php\/plaquettes-flyers\/#breadcrumb"},"inLanguage":"fr-FR","potentialAction":[{"@type":"ReadAction","target":["https:\/\/oggraphic.fr\/index.php\/plaquettes-flyers\/"]}]},{"@type":"ImageObject","inLanguage":"fr-FR","@id":"https:\/\/oggraphic.fr\/index.php\/plaquettes-flyers\/#primaryimage","url":"https:\/\/oggraphic.fr\/wp-content\/uploads\/2021\/01\/Depliant-aquilon.jpg","contentUrl":"https:\/\/oggraphic.fr\/wp-content\/uploads\/2021\/01\/Depliant-aquilon.jpg","width":688,"height":425,"caption":"H\u00f4tel Aquilon D\u00e9pliant"},{"@type":"BreadcrumbList","@id":"https:\/\/oggraphic.fr\/index.php\/plaquettes-flyers\/#breadcrumb","itemListElement":[{"@type":"ListItem","position":1,"name":"Accueil","item":"https:\/\/oggraphic.fr\/"},{"@type":"ListItem","position":2,"name":"Plaquettes flyers"}]},{"@type":"WebSite","@id":"https:\/\/oggraphic.fr\/#website","url":"https:\/\/oggraphic.fr\/","name":"GRAPHISTE A GUERANDE | SAINT-NAZAIRE | NANTES","description":"Creation print | suivi impression","publisher":{"@id":"https:\/\/oggraphic.fr\/#organization"},"potentialAction":[{"@type":"SearchAction","target":{"@type":"EntryPoint","urlTemplate":"https:\/\/oggraphic.fr\/?s={search_term_string}"},"query-input":{"@type":"PropertyValueSpecification","valueRequired":true,"valueName":"search_term_string"}}],"inLanguage":"fr-FR"},{"@type":"Organization","@id":"https:\/\/oggraphic.fr\/#organization","name":"Guillouzouic Olivier","url":"https:\/\/oggraphic.fr\/","logo":{"@type":"ImageObject","inLanguage":"fr-FR","@id":"https:\/\/oggraphic.fr\/#\/schema\/logo\/image\/","url":"https:\/\/oggraphic.fr\/wp-content\/uploads\/2021\/01\/logo-oggraphic-e1612175361777.png","contentUrl":"https:\/\/oggraphic.fr\/wp-content\/uploads\/2021\/01\/logo-oggraphic-e1612175361777.png","width":150,"height":172,"caption":"Guillouzouic Olivier"},"image":{"@id":"https:\/\/oggraphic.fr\/#\/schema\/logo\/image\/"},"sameAs":["https:\/\/www.facebook.com\/Guillouzouic-Olivier-Agostino-358990130950182\/","https:\/\/www.linkedin.com\/in\/olivier-guillouzouic-19452a19\/?originalSubdomain=fr"]}]}},"_links":{"self":[{"href":"https:\/\/oggraphic.fr\/index.php\/wp-json\/wp\/v2\/pages\/105","targetHints":{"allow":["GET"]}}],"collection":[{"href":"https:\/\/oggraphic.fr\/index.php\/wp-json\/wp\/v2\/pages"}],"about":[{"href":"https:\/\/oggraphic.fr\/index.php\/wp-json\/wp\/v2\/types\/page"}],"author":[{"embeddable":true,"href":"https:\/\/oggraphic.fr\/index.php\/wp-json\/wp\/v2\/users\/1"}],"replies":[{"embeddable":true,"href":"https:\/\/oggraphic.fr\/index.php\/wp-json\/wp\/v2\/comments?post=105"}],"version-history":[{"count":0,"href":"https:\/\/oggraphic.fr\/index.php\/wp-json\/wp\/v2\/pages\/105\/revisions"}],"wp:attachment":[{"href":"https:\/\/oggraphic.fr\/index.php\/wp-json\/wp\/v2\/media?parent=105"}],"curies":[{"name":"wp","href":"https:\/\/api.w.org\/{rel}","templated":true}]}}